{"id":13,"date":"2026-02-27T23:50:44","date_gmt":"2026-02-27T23:50:44","guid":{"rendered":"https:\/\/www.digitechservicespro.com\/?page_id=13"},"modified":"2026-03-03T16:05:19","modified_gmt":"2026-03-03T16:05:19","slug":"actualites","status":"publish","type":"page","link":"https:\/\/www.digitechservicespro.com\/en\/actualites\/","title":{"rendered":"News"},"content":{"rendered":"<div data-elementor-type=\"wp-page\" data-elementor-id=\"13\" class=\"elementor elementor-13\" data-elementor-post-type=\"page\">\n\t\t\t\t\t\t<section class=\"elementor-section elementor-top-section elementor-element elementor-element-5325ad2 elementor-section-height-60vh elementor-section-boxed elementor-section-height-default wpr-particle-no wpr-jarallax-no wpr-parallax-no wpr-sticky-section-no wpr-equal-height-no\" data-id=\"5325ad2\" data-element_type=\"section\" data-e-type=\"section\" data-settings=\"{&quot;background_background&quot;:&quot;classic&quot;}\">\n\t\t\t\t\t\t<div class=\"elementor-container elementor-column-gap-default\">\n\t\t\t\t\t<div class=\"elementor-column elementor-col-100 elementor-top-column elementor-element elementor-element-8f08771\" data-id=\"8f08771\" data-element_type=\"column\" data-e-type=\"column\">\n\t\t\t<div class=\"elementor-widget-wrap elementor-element-populated\">\n\t\t\t\t\t\t<div class=\"elementor-element elementor-element-bf98e4f elementor-widget elementor-widget-heading\" data-id=\"bf98e4f\" data-element_type=\"widget\" data-e-type=\"widget\" data-widget_type=\"heading.default\">\n\t\t\t\t\t<h1 class=\"elementor-heading-title elementor-size-default\">News<\/h1>\t\t\t\t<\/div>\n\t\t\t\t<div class=\"elementor-element elementor-element-0123775 elementor-widget elementor-widget-text-editor\" data-id=\"0123775\" data-element_type=\"widget\" data-e-type=\"widget\" data-widget_type=\"text-editor.default\">\n\t\t\t\t\t\t\t\t\t<p style=\"text-align: center; color: #cdd1db; font-size: 16px;\">Accueil \u00a0\u203a\u00a0 Actualit\u00e9s<\/p>\t\t\t\t\t\t\t\t<\/div>\n\t\t\t\t\t<\/div>\n\t\t<\/div>\n\t\t\t\t\t<\/div>\n\t\t<\/section>\n\t\t<div class=\"elementor-element elementor-element-c030bd7 e-flex e-con-boxed wpr-particle-no wpr-jarallax-no wpr-parallax-no wpr-sticky-section-no wpr-equal-height-no e-con e-parent\" data-id=\"c030bd7\" data-element_type=\"container\" data-e-type=\"container\">\n\t\t\t\t\t<div class=\"e-con-inner\">\n\t\t\t\t<div class=\"elementor-element elementor-element-1c85428 wpr-grid-columns-3 wpr-grid-columns--tablet2 wpr-grid-columns--mobile1 wpr-grid-pagination-center wpr-item-styles-inner elementor-widget elementor-widget-wpr-grid\" data-id=\"1c85428\" data-element_type=\"widget\" data-e-type=\"widget\" data-widget_type=\"wpr-grid.default\">\n\t\t\t\t\t<ul class=\"wpr-grid-filters elementor-clearfix wpr-grid-filters-sep-right\"><\/ul><section class=\"wpr-grid elementor-clearfix\" data-settings=\"{&quot;layout&quot;:&quot;masonry&quot;,&quot;stick_last_element_to_bottom&quot;:&quot;no&quot;,&quot;columns_desktop&quot;:3,&quot;gutter_hr&quot;:15,&quot;gutter_hr_mobile&quot;:15,&quot;gutter_hr_mobile_extra&quot;:15,&quot;gutter_hr_tablet&quot;:15,&quot;gutter_hr_tablet_extra&quot;:15,&quot;gutter_hr_laptop&quot;:15,&quot;gutter_hr_widescreen&quot;:15,&quot;gutter_vr&quot;:15,&quot;gutter_vr_mobile&quot;:15,&quot;gutter_vr_mobile_extra&quot;:15,&quot;gutter_vr_tablet&quot;:15,&quot;gutter_vr_tablet_extra&quot;:15,&quot;gutter_vr_laptop&quot;:15,&quot;gutter_vr_widescreen&quot;:15,&quot;animation&quot;:&quot;default&quot;,&quot;animation_duration&quot;:0.299999999999999988897769753748434595763683319091796875,&quot;animation_delay&quot;:0.1000000000000000055511151231257827021181583404541015625,&quot;deeplinking&quot;:&quot;no&quot;,&quot;filters_linkable&quot;:&quot;no&quot;,&quot;filters_default_filter&quot;:&quot;&quot;,&quot;filters_count&quot;:&quot;no&quot;,&quot;filters_hide_empty&quot;:&quot;no&quot;,&quot;filters_animation&quot;:&quot;default&quot;,&quot;filters_animation_duration&quot;:0.299999999999999988897769753748434595763683319091796875,&quot;filters_animation_delay&quot;:0.1000000000000000055511151231257827021181583404541015625,&quot;pagination_type&quot;:&quot;load-more&quot;,&quot;pagination_max_pages&quot;:1,&quot;lightbox&quot;:{&quot;selector&quot;:&quot;.wpr-grid-image-wrap&quot;,&quot;iframeMaxWidth&quot;:&quot;60%&quot;,&quot;hash&quot;:false,&quot;autoplay&quot;:&quot;true&quot;,&quot;pause&quot;:5000,&quot;progressBar&quot;:&quot;true&quot;,&quot;counter&quot;:&quot;true&quot;,&quot;controls&quot;:&quot;true&quot;,&quot;getCaptionFromTitleOrAlt&quot;:&quot;true&quot;,&quot;thumbnail&quot;:&quot;true&quot;,&quot;showThumbByDefault&quot;:&quot;true&quot;,&quot;share&quot;:&quot;true&quot;,&quot;zoom&quot;:&quot;true&quot;,&quot;fullScreen&quot;:&quot;true&quot;,&quot;download&quot;:&quot;true&quot;}}\" data-advanced-filters=\"no\"><article class=\"wpr-grid-item elementor-clearfix post-223 post type-post status-publish format-standard has-post-thumbnail hentry category-uncategorized\"><div class=\"wpr-grid-item-inner\"><div class=\"wpr-grid-media-wrap wpr-zoom-in wpr-effect-size-medium\" data-overlay-link=\"yes\"><div class=\"wpr-grid-image-wrap\" data-src=\"https:\/\/www.digitechservicespro.com\/wp-content\/uploads\/2026\/03\/\ud83d\udc4b-Bonjour-Monsieur-ou-madame-Vous-avez-a-coeur\u2026.jpeg\" data-img-on-hover=\"\"  data-src-secondary=\"\"><img decoding=\"async\" data-no-lazy=\"1\" src=\"https:\/\/www.digitechservicespro.com\/wp-content\/uploads\/2026\/03\/\ud83d\udc4b-Bonjour-Monsieur-ou-madame-Vous-avez-a-coeur\u2026.jpeg\" alt=\"Appels entrants vs appels sortants : quelle strat\u00e9gie pour votre entreprise ?\" class=\"wpr-anim-timing-ease-default\"><\/div><div class=\"wpr-grid-media-hover wpr-animation-wrap\"><div class=\"wpr-grid-media-hover-bg  wpr-overlay-fade-in wpr-anim-size-large wpr-anim-timing-ease-default wpr-anim-transparency\" data-url=\"https:\/\/www.digitechservicespro.com\/en\/2026\/03\/03\/appels-entrants-vs-appels-sortants-quelle-strategie-pour-votre-entreprise\/\"><\/div><\/div><\/div><div class=\"wpr-grid-item-below-content elementor-clearfix\"><h2 class=\"wpr-grid-item-title elementor-repeater-item-728928f wpr-grid-item-display-block wpr-grid-item-align-left wpr-pointer-none wpr-pointer-line-fx wpr-pointer-fx-slide\"><div class=\"inner-block\"><a target=\"_self\"  href=\"https:\/\/www.digitechservicespro.com\/en\/2026\/03\/03\/appels-entrants-vs-appels-sortants-quelle-strategie-pour-votre-entreprise\/\">Appels entrants vs appels sortants : quelle strat\u00e9gie pour votre entreprise ?<\/a><\/div><\/h2><div class=\"wpr-grid-item-excerpt elementor-repeater-item-f5d3215 wpr-grid-item-display-block wpr-grid-item-align-left\"><div class=\"inner-block\"><p>La distinction entre appels entrants et appels sortants ne rel\u00e8ve pas uniquement d\u2019une organisation technique. Elle correspond \u00e0 deux logiques...<\/p><\/div><\/div><div class=\"wpr-grid-item-read-more elementor-repeater-item-621e906 wpr-grid-item-display-block wpr-grid-item-align-left\"><div class=\"inner-block\"><a target=\"_self\" href=\"https:\/\/www.digitechservicespro.com\/en\/2026\/03\/03\/appels-entrants-vs-appels-sortants-quelle-strategie-pour-votre-entreprise\/\" class=\"wpr-button-effect wpr-button-none\"><span>Lire au complet<\/span><\/a><\/div><\/div><\/div><\/div><\/article><article class=\"wpr-grid-item elementor-clearfix post-221 post type-post status-publish format-standard has-post-thumbnail hentry category-uncategorized\"><div class=\"wpr-grid-item-inner\"><div class=\"wpr-grid-media-wrap wpr-zoom-in wpr-effect-size-medium\" data-overlay-link=\"yes\"><div class=\"wpr-grid-image-wrap\" data-src=\"https:\/\/www.digitechservicespro.com\/wp-content\/uploads\/2026\/03\/DITEC-15.png\" data-img-on-hover=\"\"  data-src-secondary=\"\"><img decoding=\"async\" data-no-lazy=\"1\" src=\"https:\/\/www.digitechservicespro.com\/wp-content\/uploads\/2026\/03\/DITEC-15.png\" alt=\"Comment am\u00e9liorer votre taux de conversion gr\u00e2ce au t\u00e9l\u00e9marketing ?\" class=\"wpr-anim-timing-ease-default\"><\/div><div class=\"wpr-grid-media-hover wpr-animation-wrap\"><div class=\"wpr-grid-media-hover-bg  wpr-overlay-fade-in wpr-anim-size-large wpr-anim-timing-ease-default wpr-anim-transparency\" data-url=\"https:\/\/www.digitechservicespro.com\/en\/2026\/03\/03\/comment-ameliorer-votre-taux-de-conversion-grace-au-telemarketing\/\"><\/div><\/div><\/div><div class=\"wpr-grid-item-below-content elementor-clearfix\"><h2 class=\"wpr-grid-item-title elementor-repeater-item-728928f wpr-grid-item-display-block wpr-grid-item-align-left wpr-pointer-none wpr-pointer-line-fx wpr-pointer-fx-slide\"><div class=\"inner-block\"><a target=\"_self\"  href=\"https:\/\/www.digitechservicespro.com\/en\/2026\/03\/03\/comment-ameliorer-votre-taux-de-conversion-grace-au-telemarketing\/\">Comment am\u00e9liorer votre taux de conversion gr\u00e2ce au t\u00e9l\u00e9marketing ?<\/a><\/div><\/h2><div class=\"wpr-grid-item-excerpt elementor-repeater-item-f5d3215 wpr-grid-item-display-block wpr-grid-item-align-left\"><div class=\"inner-block\"><p>Le t\u00e9l\u00e9marketing, lorsqu\u2019il est structur\u00e9 m\u00e9thodiquement, devient un levier puissant d\u2019augmentation du taux de conversion. Il ne s\u2019agit pas uniquement...<\/p><\/div><\/div><div class=\"wpr-grid-item-read-more elementor-repeater-item-621e906 wpr-grid-item-display-block wpr-grid-item-align-left\"><div class=\"inner-block\"><a target=\"_self\" href=\"https:\/\/www.digitechservicespro.com\/en\/2026\/03\/03\/comment-ameliorer-votre-taux-de-conversion-grace-au-telemarketing\/\" class=\"wpr-button-effect wpr-button-none\"><span>Lire au complet<\/span><\/a><\/div><\/div><\/div><\/div><\/article><article class=\"wpr-grid-item elementor-clearfix post-219 post type-post status-publish format-standard has-post-thumbnail hentry category-uncategorized\"><div class=\"wpr-grid-item-inner\"><div class=\"wpr-grid-media-wrap wpr-zoom-in wpr-effect-size-medium\" data-overlay-link=\"yes\"><div class=\"wpr-grid-image-wrap\" data-src=\"https:\/\/www.digitechservicespro.com\/wp-content\/uploads\/2026\/03\/DITEC-16.png\" data-img-on-hover=\"\"  data-src-secondary=\"\"><img decoding=\"async\" data-no-lazy=\"1\" src=\"https:\/\/www.digitechservicespro.com\/wp-content\/uploads\/2026\/03\/DITEC-16.png\" alt=\"Pourquoi externaliser son centre d\u2019appels en Afrique aujourd\u2019hui ?\" class=\"wpr-anim-timing-ease-default\"><\/div><div class=\"wpr-grid-media-hover wpr-animation-wrap\"><div class=\"wpr-grid-media-hover-bg  wpr-overlay-fade-in wpr-anim-size-large wpr-anim-timing-ease-default wpr-anim-transparency\" data-url=\"https:\/\/www.digitechservicespro.com\/en\/2026\/03\/03\/pourquoi-externaliser-son-centre-dappels-en-afrique-aujourdhui\/\"><\/div><\/div><\/div><div class=\"wpr-grid-item-below-content elementor-clearfix\"><h2 class=\"wpr-grid-item-title elementor-repeater-item-728928f wpr-grid-item-display-block wpr-grid-item-align-left wpr-pointer-none wpr-pointer-line-fx wpr-pointer-fx-slide\"><div class=\"inner-block\"><a target=\"_self\"  href=\"https:\/\/www.digitechservicespro.com\/en\/2026\/03\/03\/pourquoi-externaliser-son-centre-dappels-en-afrique-aujourdhui\/\">Pourquoi externaliser son centre d\u2019appels en Afrique aujourd\u2019hui ?<\/a><\/div><\/h2><div class=\"wpr-grid-item-excerpt elementor-repeater-item-f5d3215 wpr-grid-item-display-block wpr-grid-item-align-left\"><div class=\"inner-block\"><p>L\u2019externalisation des centres d\u2019appels est devenue une strat\u00e9gie structurante pour les entreprises souhaitant optimiser leur performance commerciale tout en ma\u00eetrisant...<\/p><\/div><\/div><div class=\"wpr-grid-item-read-more elementor-repeater-item-621e906 wpr-grid-item-display-block wpr-grid-item-align-left\"><div class=\"inner-block\"><a target=\"_self\" href=\"https:\/\/www.digitechservicespro.com\/en\/2026\/03\/03\/pourquoi-externaliser-son-centre-dappels-en-afrique-aujourdhui\/\" class=\"wpr-button-effect wpr-button-none\"><span>Lire au complet<\/span><\/a><\/div><\/div><\/div><\/div><\/article><\/section>\t\t\t\t<\/div>\n\t\t\t\t\t<\/div>\n\t\t\t\t<\/div>\n\t\t\t\t<\/div>","protected":false},"excerpt":{"rendered":"<p>Actualit\u00e9s Accueil \u00a0\u203a\u00a0 Actualit\u00e9s Appels entrants vs appels sortants : quelle strat\u00e9gie pour votre entreprise ? La distinction entre appels entrants et appels sortants ne rel\u00e8ve pas uniquement d\u2019une organisation technique. Elle correspond \u00e0 deux logiques&#8230; Lire au complet Comment am\u00e9liorer votre taux de conversion gr\u00e2ce au t\u00e9l\u00e9marketing ? Le t\u00e9l\u00e9marketing, lorsqu\u2019il est structur\u00e9 m\u00e9thodiquement, devient un levier puissant d\u2019augmentation du taux de conversion. Il ne s\u2019agit pas uniquement&#8230; Lire au complet Pourquoi externaliser son centre d\u2019appels en Afrique aujourd\u2019hui ? L\u2019externalisation des centres d\u2019appels est devenue une strat\u00e9gie structurante pour les entreprises souhaitant optimiser leur performance commerciale tout en ma\u00eetrisant&#8230; Lire au complet<\/p>","protected":false},"author":1,"featured_media":0,"parent":0,"menu_order":0,"comment_status":"closed","ping_status":"closed","template":"","meta":{"footnotes":""},"class_list":["post-13","page","type-page","status-publish","hentry"],"acf":[],"_links":{"self":[{"href":"https:\/\/www.digitechservicespro.com\/en\/wp-json\/wp\/v2\/pages\/13","targetHints":{"allow":["GET"]}}],"collection":[{"href":"https:\/\/www.digitechservicespro.com\/en\/wp-json\/wp\/v2\/pages"}],"about":[{"href":"https:\/\/www.digitechservicespro.com\/en\/wp-json\/wp\/v2\/types\/page"}],"author":[{"embeddable":true,"href":"https:\/\/www.digitechservicespro.com\/en\/wp-json\/wp\/v2\/users\/1"}],"replies":[{"embeddable":true,"href":"https:\/\/www.digitechservicespro.com\/en\/wp-json\/wp\/v2\/comments?post=13"}],"version-history":[{"count":13,"href":"https:\/\/www.digitechservicespro.com\/en\/wp-json\/wp\/v2\/pages\/13\/revisions"}],"predecessor-version":[{"id":239,"href":"https:\/\/www.digitechservicespro.com\/en\/wp-json\/wp\/v2\/pages\/13\/revisions\/239"}],"wp:attachment":[{"href":"https:\/\/www.digitechservicespro.com\/en\/wp-json\/wp\/v2\/media?parent=13"}],"curies":[{"name":"wp","href":"https:\/\/api.w.org\/{rel}","templated":true}]}}